{"id":4372,"date":"2026-05-01T11:58:16","date_gmt":"2026-05-01T09:58:16","guid":{"rendered":"https:\/\/amis-letanglaville.org\/?page_id=4372"},"modified":"2026-05-01T12:01:12","modified_gmt":"2026-05-01T10:01:12","slug":"accueil","status":"publish","type":"page","link":"https:\/\/amis-letanglaville.org\/","title":{"rendered":"Accueil"},"content":{"rendered":"\t\t<div data-elementor-type=\"wp-page\" data-elementor-id=\"4372\" class=\"elementor elementor-4372\" data-elementor-post-type=\"page\">\n\t\t\t\t\t\t<section class=\"elementor-section elementor-top-section elementor-element elementor-element-a16fe80 elementor-section-full_width elementor-section-stretched elementor-section-height-default elementor-section-height-default\" data-id=\"a16fe80\" data-element_type=\"section\" data-e-type=\"section\" data-settings=\"{&quot;stretch_section&quot;:&quot;section-stretched&quot;}\">\n\t\t\t\t\t\t<div class=\"elementor-container elementor-column-gap-default\">\n\t\t\t\t\t<div class=\"elementor-column elementor-col-100 elementor-top-column elementor-element elementor-element-aca5348\" data-id=\"aca5348\" data-element_type=\"column\" data-e-type=\"column\">\n\t\t\t<div class=\"elementor-widget-wrap elementor-element-populated\">\n\t\t\t\t\t\t<div class=\"elementor-element elementor-element-20fbf85 elementor-widget elementor-widget-heading\" data-id=\"20fbf85\" data-element_type=\"widget\" data-e-type=\"widget\" data-widget_type=\"heading.default\">\n\t\t\t\t<div class=\"elementor-widget-container\">\n\t\t\t\t\t<h2 class=\"elementor-heading-title elementor-size-default\">Depuis 1960, nous d\u00e9fendons notre environnement<\/h2>\t\t\t\t<\/div>\n\t\t\t\t<\/div>\n\t\t\t\t\t<\/div>\n\t\t<\/div>\n\t\t\t\t\t<\/div>\n\t\t<\/section>\n\t\t\t\t<\/div>\n\t\t","protected":false},"excerpt":{"rendered":"<p>Depuis 1960, nous d\u00e9fendons notre environnement<\/p>\n","protected":false},"author":1,"featured_media":0,"parent":0,"menu_order":0,"comment_status":"closed","ping_status":"closed","template":"","meta":{"_angie_page":false,"ngg_post_thumbnail":0,"jetpack_post_was_ever_published":false,"footnotes":""},"class_list":["post-4372","page","type-page","status-publish","hentry"],"jetpack_sharing_enabled":true,"jetpack_shortlink":"https:\/\/wp.me\/PaCZch-18w","jetpack-related-posts":[{"id":3328,"url":"https:\/\/amis-letanglaville.org\/?page_id=3328","url_meta":{"origin":4372,"position":0},"title":"ACTIVITES","author":"admin7235","date":"10 septembre 2023","format":false,"excerpt":"DEFENSE DE L'ENVIRONNEMENTDepuis sa cr\u00e9ation en juillet 1960, l'Association a consacr\u00e9 son \u00e9nergie et ses ressources \u00e0 prot\u00e9ger le cadre de vie, l'environnement et le patrimoine de l'Etang la Ville. Le premier combat fut la d\u00e9fense du Ch\u00e2teau contre l'avidit\u00e9 du promoteur de la r\u00e9sidence du Parc qui voulait le\u2026","rel":"","context":"Article similaire","block_context":{"text":"Article similaire","link":""},"img":{"alt_text":"","src":"","width":0,"height":0},"classes":[]},{"id":241,"url":"https:\/\/amis-letanglaville.org\/?page_id=241","url_meta":{"origin":4372,"position":1},"title":"L&rsquo;Association","author":"admin7235","date":"6 d\u00e9cembre 2018","format":false,"excerpt":"Qui sommes-nous? ASSOCIATION LOI 1901 \u00e0 but non lucratif et apolitique, cr\u00e9\u00e9e le 29 juillet 1960 sous l'appellation des \"Soci\u00e9t\u00e9 des Amis de L'\u00c9tang la Ville\", transform\u00e9e en COMIT\u00c9 de D\u00c9FENSE et de PROTECTION STAGNOVILLOIS (CDPS) en 1969.Clarification : l'Association est NON PARTISANE.Notre vocation est d\u00e9finie dans statuts r\u00e9vis\u00e9s par\u2026","rel":"","context":"Article similaire","block_context":{"text":"Article similaire","link":""},"img":{"alt_text":"","src":"https:\/\/i0.wp.com\/amis-letanglaville.org\/wp-content\/uploads\/2025\/04\/Dragonfly-s2.webp?resize=350%2C200&ssl=1","width":350,"height":200},"classes":[]},{"id":1827,"url":"https:\/\/amis-letanglaville.org\/?page_id=1827","url_meta":{"origin":4372,"position":2},"title":"Archives","author":"admin7235","date":"24 juin 2019","format":false,"excerpt":"Les archives des Amis de l\u2019Etang remontent \u00e0 1960.\u2008Il y en a trop pour le site. Aussi avons-nous choisi de limiter le contenu aux derni\u00e8res ann\u00e9es. N\u00e9anmoins, il est int\u00e9ressant de constater que certains probl\u00e8mes ont des occurences anciennes.\u2008Par exemple l\u2019article suivant paru dans le Figaro du 16 octobre 1962\u2026","rel":"","context":"Article similaire","block_context":{"text":"Article similaire","link":""},"img":{"alt_text":"","src":"https:\/\/i0.wp.com\/amis-letanglaville.org\/wp-content\/uploads\/2023\/04\/Foret-de-Marly-1962-906x1024.webp?resize=350%2C200&ssl=1","width":350,"height":200,"srcset":"https:\/\/i0.wp.com\/amis-letanglaville.org\/wp-content\/uploads\/2023\/04\/Foret-de-Marly-1962-906x1024.webp?resize=350%2C200&ssl=1 1x, https:\/\/i0.wp.com\/amis-letanglaville.org\/wp-content\/uploads\/2023\/04\/Foret-de-Marly-1962-906x1024.webp?resize=525%2C300&ssl=1 1.5x, https:\/\/i0.wp.com\/amis-letanglaville.org\/wp-content\/uploads\/2023\/04\/Foret-de-Marly-1962-906x1024.webp?resize=700%2C400&ssl=1 2x"},"classes":[]},{"id":913,"url":"https:\/\/amis-letanglaville.org\/?page_id=913","url_meta":{"origin":4372,"position":3},"title":"Les Trains et le Tram 13","author":"admin7235","date":"2 mai 2019","format":false,"excerpt":"La 1\u00e8re ligne de chemin de fer ST LAZARE A ST GERMAIN VIA ST NOM LA BRETECHECe n\u2019est qu\u2019en 1884 que sera r\u00e9alis\u00e9e la ligne de Paris ST Lazare par St Cloud avec comme terminus la station de l\u2019Etang la Ville \/ Ouest, \u00e0 l\u2019emplacement actuel de la gare de\u2026","rel":"","context":"Article similaire","block_context":{"text":"Article similaire","link":""},"img":{"alt_text":"","src":"https:\/\/i0.wp.com\/amis-letanglaville.org\/wp-content\/uploads\/2019\/05\/Gare-540-1024x658.jpg?resize=350%2C200&ssl=1","width":350,"height":200,"srcset":"https:\/\/i0.wp.com\/amis-letanglaville.org\/wp-content\/uploads\/2019\/05\/Gare-540-1024x658.jpg?resize=350%2C200&ssl=1 1x, https:\/\/i0.wp.com\/amis-letanglaville.org\/wp-content\/uploads\/2019\/05\/Gare-540-1024x658.jpg?resize=525%2C300&ssl=1 1.5x, https:\/\/i0.wp.com\/amis-letanglaville.org\/wp-content\/uploads\/2019\/05\/Gare-540-1024x658.jpg?resize=700%2C400&ssl=1 2x"},"classes":[]},{"id":749,"url":"https:\/\/amis-letanglaville.org\/?page_id=749","url_meta":{"origin":4372,"position":4},"title":"Edifices Historiques","author":"admin7235","date":"4 avril 2019","format":false,"excerpt":"LE CH\u00c2TEAU Construit au 17\u00e8me si\u00e8cle dans le style de l'\u00e9poque par la famille S\u00e9guier, seigneurs de l'Etang-la-Ville, il a subi peu de modifications jusqu 'au milieu du XX\u00e8me si\u00e8cle:- l'avanc\u00e9e de l'entr\u00e9e principale\u00a0et le fronton la surmontant ont \u00e9t\u00e9 supprim\u00e9s- le porche et la grille d'entr\u00e9e qui portait les\u2026","rel":"","context":"Article similaire","block_context":{"text":"Article similaire","link":""},"img":{"alt_text":"","src":"https:\/\/i0.wp.com\/amis-letanglaville.org\/wp-content\/uploads\/2019\/04\/Eglise-St-Anne.jpg?resize=350%2C200&ssl=1","width":350,"height":200},"classes":[]},{"id":2542,"url":"https:\/\/amis-letanglaville.org\/?page_id=2542","url_meta":{"origin":4372,"position":5},"title":"Les arbres dans la ville","author":"admin7235","date":"14 d\u00e9cembre 2021","format":false,"excerpt":"DU BON USAGE DES ARBRES L\u2019Etang la Ville est un \u201cvillage-for\u00eat\u201d remarquable par le nombre et l'\u00e2ge de ses nombreux arbres. Les Amis de l\u2019Etang ont d\u00e9sormais un nouveau projet avec pour cible la pr\u00e9servation des grands arbres et des espaces bois\u00e9s sur l'\u00c9tang-La-Ville des \u00e9lagages et abattages sauvages. L'objectif\u2026","rel":"","context":"Article similaire","block_context":{"text":"Article similaire","link":""},"img":{"alt_text":"","src":"https:\/\/i0.wp.com\/amis-letanglaville.org\/wp-content\/uploads\/2021\/12\/Conifere.png?resize=350%2C200&ssl=1","width":350,"height":200,"srcset":"https:\/\/i0.wp.com\/amis-letanglaville.org\/wp-content\/uploads\/2021\/12\/Conifere.png?resize=350%2C200&ssl=1 1x, https:\/\/i0.wp.com\/amis-letanglaville.org\/wp-content\/uploads\/2021\/12\/Conifere.png?resize=525%2C300&ssl=1 1.5x"},"classes":[]}],"_links":{"self":[{"href":"https:\/\/amis-letanglaville.org\/index.php?rest_route=\/wp\/v2\/pages\/4372","targetHints":{"allow":["GET"]}}],"collection":[{"href":"https:\/\/amis-letanglaville.org\/index.php?rest_route=\/wp\/v2\/pages"}],"about":[{"href":"https:\/\/amis-letanglaville.org\/index.php?rest_route=\/wp\/v2\/types\/page"}],"author":[{"embeddable":true,"href":"https:\/\/amis-letanglaville.org\/index.php?rest_route=\/wp\/v2\/users\/1"}],"replies":[{"embeddable":true,"href":"https:\/\/amis-letanglaville.org\/index.php?rest_route=%2Fwp%2Fv2%2Fcomments&post=4372"}],"version-history":[{"count":3,"href":"https:\/\/amis-letanglaville.org\/index.php?rest_route=\/wp\/v2\/pages\/4372\/revisions"}],"predecessor-version":[{"id":4386,"href":"https:\/\/amis-letanglaville.org\/index.php?rest_route=\/wp\/v2\/pages\/4372\/revisions\/4386"}],"wp:attachment":[{"href":"https:\/\/amis-letanglaville.org\/index.php?rest_route=%2Fwp%2Fv2%2Fmedia&parent=4372"}],"curies":[{"name":"wp","href":"https:\/\/api.w.org\/{rel}","templated":true}]}}