{"id":3496,"date":"2024-02-22T12:02:21","date_gmt":"2024-02-22T11:02:21","guid":{"rendered":"https:\/\/amis-letanglaville.org\/?page_id=3496"},"modified":"2024-11-03T21:14:12","modified_gmt":"2024-11-03T20:14:12","slug":"archives-2023","status":"publish","type":"page","link":"https:\/\/amis-letanglaville.org\/?page_id=3496","title":{"rendered":"ARCHIVES 2023"},"content":{"rendered":"\t\t<div data-elementor-type=\"wp-page\" data-elementor-id=\"3496\" class=\"elementor elementor-3496\" data-elementor-post-type=\"page\">\n\t\t\t\t\t\t<section class=\"elementor-section elementor-top-section elementor-element elementor-element-90f06f8 elementor-section-stretched elementor-section-boxed elementor-section-height-default elementor-section-height-default\" data-id=\"90f06f8\" data-element_type=\"section\" data-e-type=\"section\" data-settings=\"{&quot;stretch_section&quot;:&quot;section-stretched&quot;}\">\n\t\t\t\t\t\t<div class=\"elementor-container elementor-column-gap-default\">\n\t\t\t\t\t<div class=\"elementor-column elementor-col-100 elementor-top-column elementor-element elementor-element-4881191\" data-id=\"4881191\" data-element_type=\"column\" data-e-type=\"column\">\n\t\t\t<div class=\"elementor-widget-wrap elementor-element-populated\">\n\t\t\t\t\t\t<div class=\"elementor-element elementor-element-6c9d85b elementor-widget elementor-widget-text-editor\" data-id=\"6c9d85b\" data-element_type=\"widget\" data-e-type=\"widget\" data-widget_type=\"text-editor.default\">\n\t\t\t\t<div class=\"elementor-widget-container\">\n\t\t\t\t\t\t\t\t\t<div><strong>Communication<\/strong><\/div>\t\t\t\t\t\t\t\t<\/div>\n\t\t\t\t<\/div>\n\t\t\t\t\t<\/div>\n\t\t<\/div>\n\t\t\t\t\t<\/div>\n\t\t<\/section>\n\t\t\t\t<section class=\"elementor-section elementor-top-section elementor-element elementor-element-fed2b77 elementor-section-boxed elementor-section-height-default elementor-section-height-default\" data-id=\"fed2b77\" data-element_type=\"section\" data-e-type=\"section\">\n\t\t\t\t\t\t<div class=\"elementor-container elementor-column-gap-default\">\n\t\t\t\t\t<div class=\"elementor-column elementor-col-100 elementor-top-column elementor-element elementor-element-5f3fae6\" data-id=\"5f3fae6\" data-element_type=\"column\" data-e-type=\"column\">\n\t\t\t<div class=\"elementor-widget-wrap elementor-element-populated\">\n\t\t\t\t\t\t<div class=\"elementor-element elementor-element-a53d51f elementor-widget elementor-widget-text-editor\" data-id=\"a53d51f\" data-element_type=\"widget\" data-e-type=\"widget\" data-widget_type=\"text-editor.default\">\n\t\t\t\t<div class=\"elementor-widget-container\">\n\t\t\t\t\t\t\t\t\t<div><b>Bulletins :<\/b><\/div>\n<p>2 bulletins (131 et 132) ont \u00e9t\u00e9 publi\u00e9s.<\/p><p>Mails de la vice-pr\u00e9sidente qui vous tient au courant de multiples activit\u00e9s<\/p>\t\t\t\t\t\t\t\t<\/div>\n\t\t\t\t<\/div>\n\t\t\t\t\t<\/div>\n\t\t<\/div>\n\t\t\t\t\t<\/div>\n\t\t<\/section>\n\t\t\t\t<section class=\"elementor-section elementor-top-section elementor-element elementor-element-ccfb1cb elementor-section-stretched elementor-section-boxed elementor-section-height-default elementor-section-height-default\" data-id=\"ccfb1cb\" data-element_type=\"section\" data-e-type=\"section\" data-settings=\"{&quot;stretch_section&quot;:&quot;section-stretched&quot;}\">\n\t\t\t\t\t\t<div class=\"elementor-container elementor-column-gap-default\">\n\t\t\t\t\t<div class=\"elementor-column elementor-col-100 elementor-top-column elementor-element elementor-element-167aa75\" data-id=\"167aa75\" data-element_type=\"column\" data-e-type=\"column\">\n\t\t\t<div class=\"elementor-widget-wrap elementor-element-populated\">\n\t\t\t\t\t\t<div class=\"elementor-element elementor-element-a2af5dc elementor-widget elementor-widget-text-editor\" data-id=\"a2af5dc\" data-element_type=\"widget\" data-e-type=\"widget\" data-widget_type=\"text-editor.default\">\n\t\t\t\t<div class=\"elementor-widget-container\">\n\t\t\t\t\t\t\t\t\t<p><strong>Manifestations culturelles<\/strong><\/p>\t\t\t\t\t\t\t\t<\/div>\n\t\t\t\t<\/div>\n\t\t\t\t\t<\/div>\n\t\t<\/div>\n\t\t\t\t\t<\/div>\n\t\t<\/section>\n\t\t\t\t<section class=\"elementor-section elementor-top-section elementor-element elementor-element-f63d03a elementor-section-boxed elementor-section-height-default elementor-section-height-default\" data-id=\"f63d03a\" data-element_type=\"section\" data-e-type=\"section\">\n\t\t\t\t\t\t<div class=\"elementor-container elementor-column-gap-default\">\n\t\t\t\t\t<div class=\"elementor-column elementor-col-100 elementor-top-column elementor-element elementor-element-45b5e73\" data-id=\"45b5e73\" data-element_type=\"column\" data-e-type=\"column\">\n\t\t\t<div class=\"elementor-widget-wrap elementor-element-populated\">\n\t\t\t\t\t\t<div class=\"elementor-element elementor-element-dfc49bf elementor-widget elementor-widget-text-editor\" data-id=\"dfc49bf\" data-element_type=\"widget\" data-e-type=\"widget\" data-widget_type=\"text-editor.default\">\n\t\t\t\t<div class=\"elementor-widget-container\">\n\t\t\t\t\t\t\t\t\t<p style=\"font-weight: 400;\">Au mois de juin les artistes de l&rsquo;Etang la Ville ont ouvert leurs porte.<\/p><p style=\"font-weight: 400;\">En novembre ont eu lieu :<\/p><p style=\"font-weight: 400;\">&#8211; Le 53\u00e8me Salon des Arts<\/p><p style=\"font-weight: 400;\">&#8211; Le 12\u00e8me Salon des Cr\u00e9ateurs<\/p>\t\t\t\t\t\t\t\t<\/div>\n\t\t\t\t<\/div>\n\t\t\t\t\t<\/div>\n\t\t<\/div>\n\t\t\t\t\t<\/div>\n\t\t<\/section>\n\t\t\t\t<section class=\"elementor-section elementor-top-section elementor-element elementor-element-6381414 elementor-section-stretched elementor-section-boxed elementor-section-height-default elementor-section-height-default\" data-id=\"6381414\" data-element_type=\"section\" data-e-type=\"section\" data-settings=\"{&quot;stretch_section&quot;:&quot;section-stretched&quot;}\">\n\t\t\t\t\t\t<div class=\"elementor-container elementor-column-gap-default\">\n\t\t\t\t\t<div class=\"elementor-column elementor-col-100 elementor-top-column elementor-element elementor-element-f1c124d\" data-id=\"f1c124d\" data-element_type=\"column\" data-e-type=\"column\">\n\t\t\t<div class=\"elementor-widget-wrap elementor-element-populated\">\n\t\t\t\t\t\t<div class=\"elementor-element elementor-element-2c78b3d elementor-widget elementor-widget-text-editor\" data-id=\"2c78b3d\" data-element_type=\"widget\" data-e-type=\"widget\" data-widget_type=\"text-editor.default\">\n\t\t\t\t<div class=\"elementor-widget-container\">\n\t\t\t\t\t\t\t\t\t<p><strong>Autres manifestations<\/strong><\/p>\t\t\t\t\t\t\t\t<\/div>\n\t\t\t\t<\/div>\n\t\t\t\t\t<\/div>\n\t\t<\/div>\n\t\t\t\t\t<\/div>\n\t\t<\/section>\n\t\t\t\t<section class=\"elementor-section elementor-top-section elementor-element elementor-element-959cb68 elementor-section-boxed elementor-section-height-default elementor-section-height-default\" data-id=\"959cb68\" data-element_type=\"section\" data-e-type=\"section\">\n\t\t\t\t\t\t<div class=\"elementor-container elementor-column-gap-default\">\n\t\t\t\t\t<div class=\"elementor-column elementor-col-100 elementor-top-column elementor-element elementor-element-9876294\" data-id=\"9876294\" data-element_type=\"column\" data-e-type=\"column\">\n\t\t\t<div class=\"elementor-widget-wrap elementor-element-populated\">\n\t\t\t\t\t\t<div class=\"elementor-element elementor-element-5be031b elementor-widget elementor-widget-text-editor\" data-id=\"5be031b\" data-element_type=\"widget\" data-e-type=\"widget\" data-widget_type=\"text-editor.default\">\n\t\t\t\t<div class=\"elementor-widget-container\">\n\t\t\t\t\t\t\t\t\t<div><b>Atelier h\u00e9rissons <\/b><\/div><div><strong>Visites en for\u00eat avec l&rsquo;ONF<\/strong><\/div>\t\t\t\t\t\t\t\t<\/div>\n\t\t\t\t<\/div>\n\t\t\t\t\t<\/div>\n\t\t<\/div>\n\t\t\t\t\t<\/div>\n\t\t<\/section>\n\t\t\t\t<section class=\"elementor-section elementor-top-section elementor-element elementor-element-fb3ae65 elementor-section-stretched elementor-section-boxed elementor-section-height-default elementor-section-height-default\" data-id=\"fb3ae65\" data-element_type=\"section\" data-e-type=\"section\" data-settings=\"{&quot;stretch_section&quot;:&quot;section-stretched&quot;}\">\n\t\t\t\t\t\t<div class=\"elementor-container elementor-column-gap-default\">\n\t\t\t\t\t<div class=\"elementor-column elementor-col-100 elementor-top-column elementor-element elementor-element-cfac6fe\" data-id=\"cfac6fe\" data-element_type=\"column\" data-e-type=\"column\">\n\t\t\t<div class=\"elementor-widget-wrap elementor-element-populated\">\n\t\t\t\t\t\t<div class=\"elementor-element elementor-element-0129750 elementor-widget elementor-widget-text-editor\" data-id=\"0129750\" data-element_type=\"widget\" data-e-type=\"widget\" data-widget_type=\"text-editor.default\">\n\t\t\t\t<div class=\"elementor-widget-container\">\n\t\t\t\t\t\t\t\t\t<p><strong>Documents<\/strong><\/p>\t\t\t\t\t\t\t\t<\/div>\n\t\t\t\t<\/div>\n\t\t\t\t\t<\/div>\n\t\t<\/div>\n\t\t\t\t\t<\/div>\n\t\t<\/section>\n\t\t\t\t<section class=\"elementor-section elementor-top-section elementor-element elementor-element-bd04394 elementor-section-boxed elementor-section-height-default elementor-section-height-default\" data-id=\"bd04394\" data-element_type=\"section\" data-e-type=\"section\">\n\t\t\t\t\t\t<div class=\"elementor-container elementor-column-gap-default\">\n\t\t\t\t\t<div class=\"elementor-column elementor-col-100 elementor-top-column elementor-element elementor-element-d2f6c1f\" data-id=\"d2f6c1f\" data-element_type=\"column\" data-e-type=\"column\">\n\t\t\t<div class=\"elementor-widget-wrap elementor-element-populated\">\n\t\t\t\t\t\t<div class=\"elementor-element elementor-element-b285554 elementor-widget elementor-widget-image\" data-id=\"b285554\" data-element_type=\"widget\" data-e-type=\"widget\" data-widget_type=\"image.default\">\n\t\t\t\t<div class=\"elementor-widget-container\">\n\t\t\t\t\t\t\t\t\t\t\t\t<figure class=\"wp-caption\">\n\t\t\t\t\t\t\t\t\t\t\t<a href=\"https:\/\/amis-letanglaville.org\/wp-content\/uploads\/2024\/02\/CR-AG-2023.pdf\">\n\t\t\t\t\t\t\t<img fetchpriority=\"high\" decoding=\"async\" width=\"205\" height=\"300\" src=\"https:\/\/i0.wp.com\/amis-letanglaville.org\/wp-content\/uploads\/2024\/02\/Archive.webp?fit=205%2C300&amp;ssl=1\" class=\"attachment-medium size-medium wp-image-3468\" alt=\"\" srcset=\"https:\/\/i0.wp.com\/amis-letanglaville.org\/wp-content\/uploads\/2024\/02\/Archive.webp?w=701&amp;ssl=1 701w, https:\/\/i0.wp.com\/amis-letanglaville.org\/wp-content\/uploads\/2024\/02\/Archive.webp?resize=205%2C300&amp;ssl=1 205w, https:\/\/i0.wp.com\/amis-letanglaville.org\/wp-content\/uploads\/2024\/02\/Archive.webp?resize=79%2C116&amp;ssl=1 79w\" sizes=\"(max-width: 205px) 100vw, 205px\" \/>\t\t\t\t\t\t\t\t<\/a>\n\t\t\t\t\t\t\t\t\t\t\t<figcaption class=\"widget-image-caption wp-caption-text\">Compte Rendu AG<\/figcaption>\n\t\t\t\t\t\t\t\t\t\t<\/figure>\n\t\t\t\t\t\t\t\t\t<\/div>\n\t\t\t\t<\/div>\n\t\t\t\t\t<\/div>\n\t\t<\/div>\n\t\t\t\t\t<\/div>\n\t\t<\/section>\n\t\t\t\t<\/div>\n\t\t","protected":false},"excerpt":{"rendered":"<p>CommunicationBulletins : 2 bulletins (131 et 132) ont \u00e9t\u00e9 publi\u00e9s. Mails de la vice-pr\u00e9sidente qui vous tient au courant de &hellip; <a href=\"https:\/\/amis-letanglaville.org\/?page_id=3496\" class=\"more-link\">Continue reading <span class=\"screen-reader-text\">ARCHIVES 2023<\/span><\/a><\/p>\n","protected":false},"author":1,"featured_media":0,"parent":0,"menu_order":0,"comment_status":"closed","ping_status":"closed","template":"","meta":{"_angie_page":false,"ngg_post_thumbnail":0,"jetpack_post_was_ever_published":false,"footnotes":""},"class_list":["post-3496","page","type-page","status-publish","hentry"],"jetpack_sharing_enabled":true,"jetpack_shortlink":"https:\/\/wp.me\/PaCZch-Uo","jetpack-related-posts":[{"id":3328,"url":"https:\/\/amis-letanglaville.org\/?page_id=3328","url_meta":{"origin":3496,"position":0},"title":"ACTIVITES","author":"admin7235","date":"10 septembre 2023","format":false,"excerpt":"DEFENSE DE L'ENVIRONNEMENTDepuis sa cr\u00e9ation en juillet 1960, l'Association a consacr\u00e9 son \u00e9nergie et ses ressources \u00e0 prot\u00e9ger le cadre de vie, l'environnement et le patrimoine de l'Etang la Ville. Le premier combat fut la d\u00e9fense du Ch\u00e2teau contre l'avidit\u00e9 du promoteur de la r\u00e9sidence du Parc qui voulait le\u2026","rel":"","context":"Article similaire","block_context":{"text":"Article similaire","link":""},"img":{"alt_text":"","src":"","width":0,"height":0},"classes":[]},{"id":241,"url":"https:\/\/amis-letanglaville.org\/?page_id=241","url_meta":{"origin":3496,"position":1},"title":"L&rsquo;Association","author":"admin7235","date":"6 d\u00e9cembre 2018","format":false,"excerpt":"Qui sommes-nous? ASSOCIATION LOI 1901 \u00e0 but non lucratif et apolitique, cr\u00e9\u00e9e le 29 juillet 1960 sous l'appellation des \"Soci\u00e9t\u00e9 des Amis de L'\u00c9tang la Ville\", transform\u00e9e en COMIT\u00c9 de D\u00c9FENSE et de PROTECTION STAGNOVILLOIS (CDPS) en 1969.Clarification : l'Association est NON PARTISANE.Notre vocation est d\u00e9finie dans statuts r\u00e9vis\u00e9s par\u2026","rel":"","context":"Article similaire","block_context":{"text":"Article similaire","link":""},"img":{"alt_text":"","src":"https:\/\/i0.wp.com\/amis-letanglaville.org\/wp-content\/uploads\/2025\/04\/Dragonfly-s2.webp?resize=350%2C200&ssl=1","width":350,"height":200},"classes":[]},{"id":949,"url":"https:\/\/amis-letanglaville.org\/?page_id=949","url_meta":{"origin":3496,"position":2},"title":"Les Peintres","author":"admin7235","date":"2 mai 2019","format":false,"excerpt":"Les Peintres Edouard VUILLARD Le peintre K. X. Roussel dans son atelier de la ruelle de la Coulette \u00e0 l\u2019Etang-la-Ville (1934-1937) Mus\u00e9e d\u2019Art Moderne de la Ville de Paris K.X. Roussel lisant le journal (1894 Edouard Vuillard est n\u00e9 le 11 novembre 1868 \u00e0 Cuiseaux (Saone-et-Loire).Au lyc\u00e9e Condorcet, il rencontre\u2026","rel":"","context":"Article similaire","block_context":{"text":"Article similaire","link":""},"img":{"alt_text":"","src":"https:\/\/i0.wp.com\/amis-letanglaville.org\/wp-content\/uploads\/2020\/12\/Maison-mere-Roussel-Bonnard.png?resize=350%2C200&ssl=1","width":350,"height":200,"srcset":"https:\/\/i0.wp.com\/amis-letanglaville.org\/wp-content\/uploads\/2020\/12\/Maison-mere-Roussel-Bonnard.png?resize=350%2C200&ssl=1 1x, https:\/\/i0.wp.com\/amis-letanglaville.org\/wp-content\/uploads\/2020\/12\/Maison-mere-Roussel-Bonnard.png?resize=525%2C300&ssl=1 1.5x"},"classes":[]},{"id":749,"url":"https:\/\/amis-letanglaville.org\/?page_id=749","url_meta":{"origin":3496,"position":3},"title":"Edifices Historiques","author":"admin7235","date":"4 avril 2019","format":false,"excerpt":"LE CH\u00c2TEAU Construit au 17\u00e8me si\u00e8cle dans le style de l'\u00e9poque par la famille S\u00e9guier, seigneurs de l'Etang-la-Ville, il a subi peu de modifications jusqu 'au milieu du XX\u00e8me si\u00e8cle:- l'avanc\u00e9e de l'entr\u00e9e principale\u00a0et le fronton la surmontant ont \u00e9t\u00e9 supprim\u00e9s- le porche et la grille d'entr\u00e9e qui portait les\u2026","rel":"","context":"Article similaire","block_context":{"text":"Article similaire","link":""},"img":{"alt_text":"","src":"https:\/\/i0.wp.com\/amis-letanglaville.org\/wp-content\/uploads\/2019\/04\/Eglise-St-Anne.jpg?resize=350%2C200&ssl=1","width":350,"height":200},"classes":[]}],"_links":{"self":[{"href":"https:\/\/amis-letanglaville.org\/index.php?rest_route=\/wp\/v2\/pages\/3496","targetHints":{"allow":["GET"]}}],"collection":[{"href":"https:\/\/amis-letanglaville.org\/index.php?rest_route=\/wp\/v2\/pages"}],"about":[{"href":"https:\/\/amis-letanglaville.org\/index.php?rest_route=\/wp\/v2\/types\/page"}],"author":[{"embeddable":true,"href":"https:\/\/amis-letanglaville.org\/index.php?rest_route=\/wp\/v2\/users\/1"}],"replies":[{"embeddable":true,"href":"https:\/\/amis-letanglaville.org\/index.php?rest_route=%2Fwp%2Fv2%2Fcomments&post=3496"}],"version-history":[{"count":3,"href":"https:\/\/amis-letanglaville.org\/index.php?rest_route=\/wp\/v2\/pages\/3496\/revisions"}],"predecessor-version":[{"id":4076,"href":"https:\/\/amis-letanglaville.org\/index.php?rest_route=\/wp\/v2\/pages\/3496\/revisions\/4076"}],"wp:attachment":[{"href":"https:\/\/amis-letanglaville.org\/index.php?rest_route=%2Fwp%2Fv2%2Fmedia&parent=3496"}],"curies":[{"name":"wp","href":"https:\/\/api.w.org\/{rel}","templated":true}]}}