{"id":279,"date":"2018-12-07T22:18:09","date_gmt":"2018-12-07T21:18:09","guid":{"rendered":"https:\/\/amis-letanglaville.org\/?page_id=279"},"modified":"2025-11-21T23:52:06","modified_gmt":"2025-11-21T22:52:06","slug":"contact","status":"publish","type":"page","link":"https:\/\/amis-letanglaville.org\/?page_id=279","title":{"rendered":"Adh\u00e9sion &#038; Contact"},"content":{"rendered":"\t\t<div data-elementor-type=\"wp-post\" data-elementor-id=\"279\" class=\"elementor elementor-279\" data-elementor-post-type=\"page\">\n\t\t\t\t\t\t<section class=\"elementor-section elementor-top-section elementor-element elementor-element-6cdc4ea elementor-section-stretched elementor-section-boxed elementor-section-height-default elementor-section-height-default\" data-id=\"6cdc4ea\" data-element_type=\"section\" data-e-type=\"section\" data-settings=\"{&quot;stretch_section&quot;:&quot;section-stretched&quot;}\">\n\t\t\t\t\t\t<div class=\"elementor-container elementor-column-gap-default\">\n\t\t\t\t\t<div class=\"elementor-column elementor-col-100 elementor-top-column elementor-element elementor-element-7edda5a\" data-id=\"7edda5a\" data-element_type=\"column\" data-e-type=\"column\">\n\t\t\t<div class=\"elementor-widget-wrap elementor-element-populated\">\n\t\t\t\t\t\t<div class=\"elementor-element elementor-element-1521137 elementor-widget elementor-widget-heading\" data-id=\"1521137\" data-element_type=\"widget\" data-e-type=\"widget\" data-widget_type=\"heading.default\">\n\t\t\t\t<div class=\"elementor-widget-container\">\n\t\t\t\t\t<h1 class=\"elementor-heading-title elementor-size-default\">ADHESION ET CONTACT<\/h1>\t\t\t\t<\/div>\n\t\t\t\t<\/div>\n\t\t\t\t<div class=\"elementor-element elementor-element-54e155e elementor-widget elementor-widget-text-editor\" data-id=\"54e155e\" data-element_type=\"widget\" data-e-type=\"widget\" data-widget_type=\"text-editor.default\">\n\t\t\t\t<div class=\"elementor-widget-container\">\n\t\t\t\t\t\t\t\t\t<p><strong>ADHESION<\/strong><\/p>\t\t\t\t\t\t\t\t<\/div>\n\t\t\t\t<\/div>\n\t\t\t\t\t<\/div>\n\t\t<\/div>\n\t\t\t\t\t<\/div>\n\t\t<\/section>\n\t\t\t\t<section class=\"elementor-section elementor-top-section elementor-element elementor-element-25fdfe8 elementor-section-full_width elementor-section-stretched elementor-section-height-default elementor-section-height-default\" data-id=\"25fdfe8\" data-element_type=\"section\" data-e-type=\"section\" data-settings=\"{&quot;stretch_section&quot;:&quot;section-stretched&quot;}\">\n\t\t\t\t\t\t<div class=\"elementor-container elementor-column-gap-default\">\n\t\t\t\t\t<div class=\"elementor-column elementor-col-100 elementor-top-column elementor-element elementor-element-0739058\" data-id=\"0739058\" data-element_type=\"column\" data-e-type=\"column\">\n\t\t\t<div class=\"elementor-widget-wrap elementor-element-populated\">\n\t\t\t\t\t\t<div class=\"elementor-element elementor-element-87ff2d1 elementor-widget elementor-widget-text-editor\" data-id=\"87ff2d1\" data-element_type=\"widget\" data-e-type=\"widget\" data-widget_type=\"text-editor.default\">\n\t\t\t\t<div class=\"elementor-widget-container\">\n\t\t\t\t\t\t\t\t\t<p><strong>D\u00e9ductibilit\u00e9 fiscale<\/strong><br \/>Dans le Bulletin N\u00b0130 nous avons annonc\u00e9 la d\u00e9ductibilit\u00e9 fiscale des cotisations et des dons.<\/p><p>Les cotisations sont annuelles et donnent la qualit\u00e9 de membre et le droit de vote \u00e0 l&rsquo;Assembl\u00e9e G\u00e9n\u00e9rale pour les membres en r\u00e8gle de cotisation.<\/p><p>Les dons sont des contributions volontaires de soutien. Ils ne conf\u00e8rent pas la qualit\u00e9 de membre.<\/p>\t\t\t\t\t\t\t\t<\/div>\n\t\t\t\t<\/div>\n\t\t\t\t\t<\/div>\n\t\t<\/div>\n\t\t\t\t\t<\/div>\n\t\t<\/section>\n\t\t\t\t<section class=\"elementor-section elementor-top-section elementor-element elementor-element-21e2d92 elementor-section-stretched elementor-section-boxed elementor-section-height-default elementor-section-height-default\" data-id=\"21e2d92\" data-element_type=\"section\" data-e-type=\"section\" data-settings=\"{&quot;stretch_section&quot;:&quot;section-stretched&quot;}\">\n\t\t\t\t\t\t<div class=\"elementor-container elementor-column-gap-default\">\n\t\t\t\t\t<div class=\"elementor-column elementor-col-100 elementor-top-column elementor-element elementor-element-dc91c00\" data-id=\"dc91c00\" data-element_type=\"column\" data-e-type=\"column\">\n\t\t\t<div class=\"elementor-widget-wrap elementor-element-populated\">\n\t\t\t\t\t\t<div class=\"elementor-element elementor-element-5ca6601 elementor-widget elementor-widget-text-editor\" data-id=\"5ca6601\" data-element_type=\"widget\" data-e-type=\"widget\" data-widget_type=\"text-editor.default\">\n\t\t\t\t<div class=\"elementor-widget-container\">\n\t\t\t\t\t\t\t\t\t<p>Pour adh\u00e9rer ou faire un don vous pouvez:<\/p><ol><li>Remplir un des formulaires t\u00e9l\u00e9chargeables ci-dessous et le renvoyer accompagn\u00e9 de votre ch\u00e8que ou virement;<\/li><li><strong>Utiliser le paiement en ligne \u00ab\u00a0PayAsso\u00a0\u00bb<\/strong><br \/>En remplissage les informations votre re\u00e7u fiscal vous sera envoy\u00e9.<\/li><\/ol>\t\t\t\t\t\t\t\t<\/div>\n\t\t\t\t<\/div>\n\t\t\t\t\t<\/div>\n\t\t<\/div>\n\t\t\t\t\t<\/div>\n\t\t<\/section>\n\t\t\t\t<section class=\"elementor-section elementor-top-section elementor-element elementor-element-fd70e43 elementor-section-stretched elementor-section-boxed elementor-section-height-default elementor-section-height-default\" data-id=\"fd70e43\" data-element_type=\"section\" data-e-type=\"section\" data-settings=\"{&quot;stretch_section&quot;:&quot;section-stretched&quot;}\">\n\t\t\t\t\t\t<div class=\"elementor-container elementor-column-gap-default\">\n\t\t\t\t\t<div class=\"elementor-column elementor-col-100 elementor-top-column elementor-element elementor-element-7715227\" data-id=\"7715227\" data-element_type=\"column\" data-e-type=\"column\">\n\t\t\t<div class=\"elementor-widget-wrap elementor-element-populated\">\n\t\t\t\t\t\t<div class=\"elementor-element elementor-element-b8da26d elementor-widget elementor-widget-text-editor\" data-id=\"b8da26d\" data-element_type=\"widget\" data-e-type=\"widget\" data-widget_type=\"text-editor.default\">\n\t\t\t\t<div class=\"elementor-widget-container\">\n\t\t\t\t\t\t\t\t\t<p><strong>FORMULAIRES ET PAIEMENT<\/strong><\/p>\t\t\t\t\t\t\t\t<\/div>\n\t\t\t\t<\/div>\n\t\t\t\t\t<\/div>\n\t\t<\/div>\n\t\t\t\t\t<\/div>\n\t\t<\/section>\n\t\t\t\t<section class=\"elementor-section elementor-top-section elementor-element elementor-element-a9279be elementor-section-boxed elementor-section-height-default elementor-section-height-default\" data-id=\"a9279be\" data-element_type=\"section\" data-e-type=\"section\">\n\t\t\t\t\t\t<div class=\"elementor-container elementor-column-gap-default\">\n\t\t\t\t\t<div class=\"elementor-column elementor-col-100 elementor-top-column elementor-element elementor-element-3d86db1\" data-id=\"3d86db1\" data-element_type=\"column\" data-e-type=\"column\">\n\t\t\t<div class=\"elementor-widget-wrap elementor-element-populated\">\n\t\t\t\t\t\t<div class=\"elementor-element elementor-element-f1c3325 elementor-widget elementor-widget-image\" data-id=\"f1c3325\" data-element_type=\"widget\" data-e-type=\"widget\" data-widget_type=\"image.default\">\n\t\t\t\t<div class=\"elementor-widget-container\">\n\t\t\t\t\t\t\t\t\t\t\t\t\t\t\t<img decoding=\"async\" src=\"https:\/\/amis-letanglaville.org\/wp-content\/uploads\/2025\/11\/Bulletin-dadhesion-2026.pdf\" title=\"\" alt=\"\" loading=\"lazy\" \/>\t\t\t\t\t\t\t\t\t\t\t\t\t\t\t<\/div>\n\t\t\t\t<\/div>\n\t\t\t\t\t<\/div>\n\t\t<\/div>\n\t\t\t\t\t<\/div>\n\t\t<\/section>\n\t\t\t\t<section class=\"elementor-section elementor-top-section elementor-element elementor-element-e27b94c elementor-section-boxed elementor-section-height-default elementor-section-height-default\" data-id=\"e27b94c\" data-element_type=\"section\" data-e-type=\"section\">\n\t\t\t\t\t\t<div class=\"elementor-container elementor-column-gap-default\">\n\t\t\t\t\t<div class=\"elementor-column elementor-col-50 elementor-top-column elementor-element elementor-element-eedb64c\" data-id=\"eedb64c\" data-element_type=\"column\" data-e-type=\"column\">\n\t\t\t<div class=\"elementor-widget-wrap elementor-element-populated\">\n\t\t\t\t\t\t<div class=\"elementor-element elementor-element-d3a5728 elementor-view-default elementor-widget elementor-widget-icon\" data-id=\"d3a5728\" data-element_type=\"widget\" data-e-type=\"widget\" data-widget_type=\"icon.default\">\n\t\t\t\t<div class=\"elementor-widget-container\">\n\t\t\t\t\t\t\t<div class=\"elementor-icon-wrapper\">\n\t\t\t<a class=\"elementor-icon\" href=\"https:\/\/www.payasso.fr\/cdps\/cotisations\">\n\t\t\t<i aria-hidden=\"true\" class=\"fas fa-credit-card\"><\/i>\t\t\t<\/a>\n\t\t<\/div>\n\t\t\t\t\t\t<\/div>\n\t\t\t\t<\/div>\n\t\t\t\t<div class=\"elementor-element elementor-element-9d10746 elementor-widget elementor-widget-heading\" data-id=\"9d10746\" data-element_type=\"widget\" data-e-type=\"widget\" data-widget_type=\"heading.default\">\n\t\t\t\t<div class=\"elementor-widget-container\">\n\t\t\t\t\t<h6 class=\"elementor-heading-title elementor-size-default\">Paiement d'adh\u00e9sion<\/h6>\t\t\t\t<\/div>\n\t\t\t\t<\/div>\n\t\t\t\t\t<\/div>\n\t\t<\/div>\n\t\t\t\t<div class=\"elementor-column elementor-col-50 elementor-top-column elementor-element elementor-element-cc3ad1f\" data-id=\"cc3ad1f\" data-element_type=\"column\" data-e-type=\"column\">\n\t\t\t<div class=\"elementor-widget-wrap elementor-element-populated\">\n\t\t\t\t\t\t<div class=\"elementor-element elementor-element-adb6d02 elementor-view-default elementor-widget elementor-widget-icon\" data-id=\"adb6d02\" data-element_type=\"widget\" data-e-type=\"widget\" data-widget_type=\"icon.default\">\n\t\t\t\t<div class=\"elementor-widget-container\">\n\t\t\t\t\t\t\t<div class=\"elementor-icon-wrapper\">\n\t\t\t<a class=\"elementor-icon\" href=\"https:\/\/www.payasso.fr\/CDPS\/DONS\">\n\t\t\t<i aria-hidden=\"true\" class=\"fas fa-credit-card\"><\/i>\t\t\t<\/a>\n\t\t<\/div>\n\t\t\t\t\t\t<\/div>\n\t\t\t\t<\/div>\n\t\t\t\t<div class=\"elementor-element elementor-element-90bff56 elementor-widget elementor-widget-heading\" data-id=\"90bff56\" data-element_type=\"widget\" data-e-type=\"widget\" data-widget_type=\"heading.default\">\n\t\t\t\t<div class=\"elementor-widget-container\">\n\t\t\t\t\t<h6 class=\"elementor-heading-title elementor-size-default\">Paiement de don<\/h6>\t\t\t\t<\/div>\n\t\t\t\t<\/div>\n\t\t\t\t\t<\/div>\n\t\t<\/div>\n\t\t\t\t\t<\/div>\n\t\t<\/section>\n\t\t\t\t<section class=\"elementor-section elementor-top-section elementor-element elementor-element-41bcb4f elementor-section-stretched elementor-section-boxed elementor-section-height-default elementor-section-height-default\" data-id=\"41bcb4f\" data-element_type=\"section\" data-e-type=\"section\" data-settings=\"{&quot;stretch_section&quot;:&quot;section-stretched&quot;}\">\n\t\t\t\t\t\t<div class=\"elementor-container elementor-column-gap-default\">\n\t\t\t\t\t<div class=\"elementor-column elementor-col-100 elementor-top-column elementor-element elementor-element-7a955fe\" data-id=\"7a955fe\" data-element_type=\"column\" data-e-type=\"column\">\n\t\t\t<div class=\"elementor-widget-wrap elementor-element-populated\">\n\t\t\t\t\t\t<div class=\"elementor-element elementor-element-a341347 elementor-widget elementor-widget-text-editor\" data-id=\"a341347\" data-element_type=\"widget\" data-e-type=\"widget\" data-widget_type=\"text-editor.default\">\n\t\t\t\t<div class=\"elementor-widget-container\">\n\t\t\t\t\t\t\t\t\t<p><strong>CONTACT<\/strong><\/p>\t\t\t\t\t\t\t\t<\/div>\n\t\t\t\t<\/div>\n\t\t\t\t\t<\/div>\n\t\t<\/div>\n\t\t\t\t\t<\/div>\n\t\t<\/section>\n\t\t\t\t<section class=\"elementor-section elementor-top-section elementor-element elementor-element-a968d88 elementor-section-stretched elementor-section-boxed elementor-section-height-default elementor-section-height-default\" data-id=\"a968d88\" data-element_type=\"section\" data-e-type=\"section\" data-settings=\"{&quot;stretch_section&quot;:&quot;section-stretched&quot;}\">\n\t\t\t\t\t\t<div class=\"elementor-container elementor-column-gap-default\">\n\t\t\t\t\t<div class=\"elementor-column elementor-col-100 elementor-top-column elementor-element elementor-element-9501e6c\" data-id=\"9501e6c\" data-element_type=\"column\" data-e-type=\"column\">\n\t\t\t<div class=\"elementor-widget-wrap elementor-element-populated\">\n\t\t\t\t\t\t<div class=\"elementor-element elementor-element-e94737f elementor-widget elementor-widget-text-editor\" data-id=\"e94737f\" data-element_type=\"widget\" data-e-type=\"widget\" data-widget_type=\"text-editor.default\">\n\t\t\t\t<div class=\"elementor-widget-container\">\n\t\t\t\t\t\t\t\t\t<p>Notre si\u00e8ge est domicili\u00e9 au 69 rue Jean Mermoz, 78620 L&rsquo;Etang-la-Ville.<\/p><p>Cette adresse est partag\u00e9e avec d&rsquo;autres associations.<\/p><p>Mais vous pouvez nous-joindre par courriel :<\/p><p>comite-ca@amis-letanglaville.org<\/p>\t\t\t\t\t\t\t\t<\/div>\n\t\t\t\t<\/div>\n\t\t\t\t\t<\/div>\n\t\t<\/div>\n\t\t\t\t\t<\/div>\n\t\t<\/section>\n\t\t\t\t<section class=\"elementor-section elementor-top-section elementor-element elementor-element-5b3b5ec elementor-section-stretched elementor-section-boxed elementor-section-height-default elementor-section-height-default\" data-id=\"5b3b5ec\" data-element_type=\"section\" data-e-type=\"section\" data-settings=\"{&quot;stretch_section&quot;:&quot;section-stretched&quot;}\">\n\t\t\t\t\t\t<div class=\"elementor-container elementor-column-gap-default\">\n\t\t\t\t\t<div class=\"elementor-column elementor-col-100 elementor-top-column elementor-element elementor-element-c33ecd8\" data-id=\"c33ecd8\" data-element_type=\"column\" data-e-type=\"column\">\n\t\t\t<div class=\"elementor-widget-wrap elementor-element-populated\">\n\t\t\t\t\t\t<div class=\"elementor-element elementor-element-c4c8b5a elementor-widget elementor-widget-image\" data-id=\"c4c8b5a\" data-element_type=\"widget\" data-e-type=\"widget\" data-widget_type=\"image.default\">\n\t\t\t\t<div class=\"elementor-widget-container\">\n\t\t\t\t\t\t\t\t\t\t\t\t<figure class=\"wp-caption\">\n\t\t\t\t\t\t\t\t\t\t<img fetchpriority=\"high\" decoding=\"async\" width=\"1024\" height=\"572\" src=\"https:\/\/i0.wp.com\/amis-letanglaville.org\/wp-content\/uploads\/2023\/05\/ELV-1.webp?fit=1024%2C572&amp;ssl=1\" class=\"attachment-large size-large wp-image-3093\" alt=\"\" srcset=\"https:\/\/i0.wp.com\/amis-letanglaville.org\/wp-content\/uploads\/2023\/05\/ELV-1.webp?w=1920&amp;ssl=1 1920w, https:\/\/i0.wp.com\/amis-letanglaville.org\/wp-content\/uploads\/2023\/05\/ELV-1.webp?resize=300%2C167&amp;ssl=1 300w, https:\/\/i0.wp.com\/amis-letanglaville.org\/wp-content\/uploads\/2023\/05\/ELV-1.webp?resize=1024%2C572&amp;ssl=1 1024w, https:\/\/i0.wp.com\/amis-letanglaville.org\/wp-content\/uploads\/2023\/05\/ELV-1.webp?resize=768%2C429&amp;ssl=1 768w, https:\/\/i0.wp.com\/amis-letanglaville.org\/wp-content\/uploads\/2023\/05\/ELV-1.webp?resize=1536%2C857&amp;ssl=1 1536w, https:\/\/i0.wp.com\/amis-letanglaville.org\/wp-content\/uploads\/2023\/05\/ELV-1.webp?resize=208%2C116&amp;ssl=1 208w\" sizes=\"(max-width: 1024px) 100vw, 1024px\" \/>\t\t\t\t\t\t\t\t\t\t\t<figcaption class=\"widget-image-caption wp-caption-text\">69 rue Jean Mermoz<\/figcaption>\n\t\t\t\t\t\t\t\t\t\t<\/figure>\n\t\t\t\t\t\t\t\t\t<\/div>\n\t\t\t\t<\/div>\n\t\t\t\t\t<\/div>\n\t\t<\/div>\n\t\t\t\t\t<\/div>\n\t\t<\/section>\n\t\t\t\t<\/div>\n\t\t","protected":false},"excerpt":{"rendered":"<p>ADHESION ET CONTACT ADHESION D\u00e9ductibilit\u00e9 fiscaleDans le Bulletin N\u00b0130 nous avons annonc\u00e9 la d\u00e9ductibilit\u00e9 fiscale des cotisations et des dons. &hellip; <a href=\"https:\/\/amis-letanglaville.org\/?page_id=279\" class=\"more-link\">Continue reading <span class=\"screen-reader-text\">Adh\u00e9sion &#038; Contact<\/span><\/a><\/p>\n","protected":false},"author":1,"featured_media":0,"parent":0,"menu_order":0,"comment_status":"closed","ping_status":"closed","template":"","meta":{"_angie_page":false,"ngg_post_thumbnail":0,"jetpack_post_was_ever_published":false,"footnotes":""},"class_list":["post-279","page","type-page","status-publish","hentry"],"jetpack_sharing_enabled":true,"jetpack_shortlink":"https:\/\/wp.me\/PaCZch-4v","jetpack-related-posts":[{"id":392,"url":"https:\/\/amis-letanglaville.org\/?page_id=392","url_meta":{"origin":279,"position":0},"title":"Un peu d&rsquo;histoire","author":"admin7235","date":"9 d\u00e9cembre 2018","format":false,"excerpt":"Les seigneurs de l'\u00c9tangLes \u00ab\u00a0Montaigu\u00a0\u00bbA la fin du XIV\u00e8me si\u00e8cle, la seigneurie de l\u2019Etang la Ville \u00e9tait dans la maison des Montaigu. De cette \u00e9poque, il nous reste un vestige\u00a0: \u00ab\u00a0la fontaine St-Pierre\u00a0\u00bb.Le dernier descendant, Jean de Montaigu, surintendant des Finances, victime de la querelle des \u00ab\u00a0Bourguignons\u00a0\u00bb et des \u00ab\u00a0Armagnac\u00a0\u00bb,\u2026","rel":"","context":"Article similaire","block_context":{"text":"Article similaire","link":""},"img":{"alt_text":"","src":"https:\/\/i0.wp.com\/amis-letanglaville.org\/wp-content\/uploads\/2019\/01\/S%C3%A9guie-Charles_Le_Brun.jpg?resize=350%2C200&ssl=1","width":350,"height":200,"srcset":"https:\/\/i0.wp.com\/amis-letanglaville.org\/wp-content\/uploads\/2019\/01\/S%C3%A9guie-Charles_Le_Brun.jpg?resize=350%2C200&ssl=1 1x, https:\/\/i0.wp.com\/amis-letanglaville.org\/wp-content\/uploads\/2019\/01\/S%C3%A9guie-Charles_Le_Brun.jpg?resize=525%2C300&ssl=1 1.5x, https:\/\/i0.wp.com\/amis-letanglaville.org\/wp-content\/uploads\/2019\/01\/S%C3%A9guie-Charles_Le_Brun.jpg?resize=700%2C400&ssl=1 2x"},"classes":[]},{"id":749,"url":"https:\/\/amis-letanglaville.org\/?page_id=749","url_meta":{"origin":279,"position":1},"title":"Edifices Historiques","author":"admin7235","date":"4 avril 2019","format":false,"excerpt":"LE CH\u00c2TEAU Construit au 17\u00e8me si\u00e8cle dans le style de l'\u00e9poque par la famille S\u00e9guier, seigneurs de l'Etang-la-Ville, il a subi peu de modifications jusqu 'au milieu du XX\u00e8me si\u00e8cle:- l'avanc\u00e9e de l'entr\u00e9e principale\u00a0et le fronton la surmontant ont \u00e9t\u00e9 supprim\u00e9s- le porche et la grille d'entr\u00e9e qui portait les\u2026","rel":"","context":"Article similaire","block_context":{"text":"Article similaire","link":""},"img":{"alt_text":"","src":"https:\/\/i0.wp.com\/amis-letanglaville.org\/wp-content\/uploads\/2019\/04\/Eglise-St-Anne.jpg?resize=350%2C200&ssl=1","width":350,"height":200},"classes":[]},{"id":817,"url":"https:\/\/amis-letanglaville.org\/?page_id=817","url_meta":{"origin":279,"position":2},"title":"La For\u00eat et Les Arbres en ville","author":"admin7235","date":"9 avril 2019","format":false,"excerpt":"La for\u00eat de Marly qui ceinture notre Village en est un des principaux attraits. Les Amis de l'Etang ont toujours oeuvr\u00e9 pour prot\u00e9ger cet atout contre les coupes \u00e0 blanc, les d\u00e9chets sauvages et autres d\u00e9gradations.LES ARBRES REMARQUABLESPromenez-vous dans la for\u00eat de Marly, vous pourrez y d\u00e9couvrir quelques arbres remarquables\u2026","rel":"","context":"Article similaire","block_context":{"text":"Article similaire","link":""},"img":{"alt_text":"","src":"https:\/\/i0.wp.com\/amis-letanglaville.org\/wp-content\/uploads\/2019\/05\/Ponceau-4.jpg?resize=350%2C200&ssl=1","width":350,"height":200,"srcset":"https:\/\/i0.wp.com\/amis-letanglaville.org\/wp-content\/uploads\/2019\/05\/Ponceau-4.jpg?resize=350%2C200&ssl=1 1x, https:\/\/i0.wp.com\/amis-letanglaville.org\/wp-content\/uploads\/2019\/05\/Ponceau-4.jpg?resize=525%2C300&ssl=1 1.5x"},"classes":[]},{"id":1579,"url":"https:\/\/amis-letanglaville.org\/?page_id=1579","url_meta":{"origin":279,"position":3},"title":"INFOS PRATIQUES","author":"admin7235","date":"9 juin 2019","format":false,"excerpt":"INTRODUCTIONHabitant pr\u00e8s de la for\u00eat de Marly et dans un village arbor\u00e9, nous avons pens\u00e9 utile d\u2019inclure dans notre site quelques articles sur les nuisances ou dangers possibles.1. La Pyrale du buis2.\u2008La maladie de LymeLa Pyrale du BuisComment repousser l\u2019envahisseur?Par\u00a0 \u00a0Marc Mennessier Mis \u00e0 jour le 09\/05\/2019AU JARDIN CE WEEK-END\u2026","rel":"","context":"Article similaire","block_context":{"text":"Article similaire","link":""},"img":{"alt_text":"","src":"https:\/\/i0.wp.com\/amis-letanglaville.org\/wp-content\/uploads\/2019\/06\/Tiques.jpg?resize=350%2C200&ssl=1","width":350,"height":200},"classes":[]},{"id":2542,"url":"https:\/\/amis-letanglaville.org\/?page_id=2542","url_meta":{"origin":279,"position":4},"title":"Les arbres dans la ville","author":"admin7235","date":"14 d\u00e9cembre 2021","format":false,"excerpt":"DU BON USAGE DES ARBRES L\u2019Etang la Ville est un \u201cvillage-for\u00eat\u201d remarquable par le nombre et l'\u00e2ge de ses nombreux arbres. Les Amis de l\u2019Etang ont d\u00e9sormais un nouveau projet avec pour cible la pr\u00e9servation des grands arbres et des espaces bois\u00e9s sur l'\u00c9tang-La-Ville des \u00e9lagages et abattages sauvages. L'objectif\u2026","rel":"","context":"Article similaire","block_context":{"text":"Article similaire","link":""},"img":{"alt_text":"","src":"https:\/\/i0.wp.com\/amis-letanglaville.org\/wp-content\/uploads\/2021\/12\/Conifere.png?resize=350%2C200&ssl=1","width":350,"height":200,"srcset":"https:\/\/i0.wp.com\/amis-letanglaville.org\/wp-content\/uploads\/2021\/12\/Conifere.png?resize=350%2C200&ssl=1 1x, https:\/\/i0.wp.com\/amis-letanglaville.org\/wp-content\/uploads\/2021\/12\/Conifere.png?resize=525%2C300&ssl=1 1.5x"},"classes":[]},{"id":949,"url":"https:\/\/amis-letanglaville.org\/?page_id=949","url_meta":{"origin":279,"position":5},"title":"Les Peintres","author":"admin7235","date":"2 mai 2019","format":false,"excerpt":"Les Peintres Edouard VUILLARD Le peintre K. X. Roussel dans son atelier de la ruelle de la Coulette \u00e0 l\u2019Etang-la-Ville (1934-1937) Mus\u00e9e d\u2019Art Moderne de la Ville de Paris K.X. Roussel lisant le journal (1894 Edouard Vuillard est n\u00e9 le 11 novembre 1868 \u00e0 Cuiseaux (Saone-et-Loire).Au lyc\u00e9e Condorcet, il rencontre\u2026","rel":"","context":"Article similaire","block_context":{"text":"Article similaire","link":""},"img":{"alt_text":"","src":"https:\/\/i0.wp.com\/amis-letanglaville.org\/wp-content\/uploads\/2020\/12\/Maison-mere-Roussel-Bonnard.png?resize=350%2C200&ssl=1","width":350,"height":200,"srcset":"https:\/\/i0.wp.com\/amis-letanglaville.org\/wp-content\/uploads\/2020\/12\/Maison-mere-Roussel-Bonnard.png?resize=350%2C200&ssl=1 1x, https:\/\/i0.wp.com\/amis-letanglaville.org\/wp-content\/uploads\/2020\/12\/Maison-mere-Roussel-Bonnard.png?resize=525%2C300&ssl=1 1.5x"},"classes":[]}],"_links":{"self":[{"href":"https:\/\/amis-letanglaville.org\/index.php?rest_route=\/wp\/v2\/pages\/279","targetHints":{"allow":["GET"]}}],"collection":[{"href":"https:\/\/amis-letanglaville.org\/index.php?rest_route=\/wp\/v2\/pages"}],"about":[{"href":"https:\/\/amis-letanglaville.org\/index.php?rest_route=\/wp\/v2\/types\/page"}],"author":[{"embeddable":true,"href":"https:\/\/amis-letanglaville.org\/index.php?rest_route=\/wp\/v2\/users\/1"}],"replies":[{"embeddable":true,"href":"https:\/\/amis-letanglaville.org\/index.php?rest_route=%2Fwp%2Fv2%2Fcomments&post=279"}],"version-history":[{"count":3,"href":"https:\/\/amis-letanglaville.org\/index.php?rest_route=\/wp\/v2\/pages\/279\/revisions"}],"predecessor-version":[{"id":4244,"href":"https:\/\/amis-letanglaville.org\/index.php?rest_route=\/wp\/v2\/pages\/279\/revisions\/4244"}],"wp:attachment":[{"href":"https:\/\/amis-letanglaville.org\/index.php?rest_route=%2Fwp%2Fv2%2Fmedia&parent=279"}],"curies":[{"name":"wp","href":"https:\/\/api.w.org\/{rel}","templated":true}]}}