{"id":260,"date":"2018-12-06T14:00:56","date_gmt":"2018-12-06T13:00:56","guid":{"rendered":"https:\/\/amis-letanglaville.org\/?page_id=260"},"modified":"2024-10-29T07:30:27","modified_gmt":"2024-10-29T06:30:27","slug":"documentation","status":"publish","type":"page","link":"https:\/\/amis-letanglaville.org\/?page_id=260","title":{"rendered":"Documentation"},"content":{"rendered":"\t\t<div data-elementor-type=\"wp-post\" data-elementor-id=\"260\" class=\"elementor elementor-260\" data-elementor-post-type=\"page\">\n\t\t\t\t\t\t<section class=\"elementor-section elementor-top-section elementor-element elementor-element-abe962b elementor-section-stretched elementor-section-boxed elementor-section-height-default elementor-section-height-default\" data-id=\"abe962b\" data-element_type=\"section\" data-e-type=\"section\" data-settings=\"{&quot;stretch_section&quot;:&quot;section-stretched&quot;}\">\n\t\t\t\t\t\t<div class=\"elementor-container elementor-column-gap-default\">\n\t\t\t\t\t<div class=\"elementor-column elementor-col-100 elementor-top-column elementor-element elementor-element-e6108f6\" data-id=\"e6108f6\" data-element_type=\"column\" data-e-type=\"column\" data-settings=\"{&quot;background_background&quot;:&quot;gradient&quot;}\">\n\t\t\t<div class=\"elementor-widget-wrap elementor-element-populated\">\n\t\t\t\t\t\t<div class=\"elementor-element elementor-element-b1d9819 elementor-widget elementor-widget-text-editor\" data-id=\"b1d9819\" data-element_type=\"widget\" data-e-type=\"widget\" data-widget_type=\"text-editor.default\">\n\t\t\t\t<div class=\"elementor-widget-container\">\n\t\t\t\t\t\t\t\t\t<p><strong>DOCUMENTATION<\/strong><\/p>\t\t\t\t\t\t\t\t<\/div>\n\t\t\t\t<\/div>\n\t\t\t\t<div class=\"elementor-element elementor-element-3cad67b elementor-align-center elementor-widget elementor-widget-button\" data-id=\"3cad67b\" data-element_type=\"widget\" data-e-type=\"widget\" data-widget_type=\"button.default\">\n\t\t\t\t<div class=\"elementor-widget-container\">\n\t\t\t\t\t\t\t\t\t<div class=\"elementor-button-wrapper\">\n\t\t\t\t\t<a class=\"elementor-button elementor-button-link elementor-size-lg\" href=\"https:\/\/amis-letanglaville.org\/\/?page_id=587\" target=\"_blank\">\n\t\t\t\t\t\t<span class=\"elementor-button-content-wrapper\">\n\t\t\t\t\t\t\t\t\t<span class=\"elementor-button-text\">LES BULLETINS<\/span>\n\t\t\t\t\t<\/span>\n\t\t\t\t\t<\/a>\n\t\t\t\t<\/div>\n\t\t\t\t\t\t\t\t<\/div>\n\t\t\t\t<\/div>\n\t\t\t\t<div class=\"elementor-element elementor-element-e5acdd6 elementor-align-center elementor-widget elementor-widget-button\" data-id=\"e5acdd6\" data-element_type=\"widget\" data-e-type=\"widget\" data-widget_type=\"button.default\">\n\t\t\t\t<div class=\"elementor-widget-container\">\n\t\t\t\t\t\t\t\t\t<div class=\"elementor-button-wrapper\">\n\t\t\t\t\t<a class=\"elementor-button elementor-button-link elementor-size-lg\" href=\"https:\/\/amis-letanglaville.org\/?page_id=1450\">\n\t\t\t\t\t\t<span class=\"elementor-button-content-wrapper\">\n\t\t\t\t\t\t\t\t\t<span class=\"elementor-button-text\">CARTES POSTALES HISTORIQUES<\/span>\n\t\t\t\t\t<\/span>\n\t\t\t\t\t<\/a>\n\t\t\t\t<\/div>\n\t\t\t\t\t\t\t\t<\/div>\n\t\t\t\t<\/div>\n\t\t\t\t<div class=\"elementor-element elementor-element-704a4e3 elementor-align-center elementor-widget elementor-widget-button\" data-id=\"704a4e3\" data-element_type=\"widget\" data-e-type=\"widget\" data-widget_type=\"button.default\">\n\t\t\t\t<div class=\"elementor-widget-container\">\n\t\t\t\t\t\t\t\t\t<div class=\"elementor-button-wrapper\">\n\t\t\t\t\t<a class=\"elementor-button elementor-button-link elementor-size-lg\" href=\"https:\/\/amis-letanglaville.org\/?page_id=1827\">\n\t\t\t\t\t\t<span class=\"elementor-button-content-wrapper\">\n\t\t\t\t\t\t\t\t\t<span class=\"elementor-button-text\">COLLECTIONS<\/span>\n\t\t\t\t\t<\/span>\n\t\t\t\t\t<\/a>\n\t\t\t\t<\/div>\n\t\t\t\t\t\t\t\t<\/div>\n\t\t\t\t<\/div>\n\t\t\t\t<div class=\"elementor-element elementor-element-8aec94f elementor-align-center elementor-widget elementor-widget-button\" data-id=\"8aec94f\" data-element_type=\"widget\" data-e-type=\"widget\" data-widget_type=\"button.default\">\n\t\t\t\t<div class=\"elementor-widget-container\">\n\t\t\t\t\t\t\t\t\t<div class=\"elementor-button-wrapper\">\n\t\t\t\t\t<a class=\"elementor-button elementor-button-link elementor-size-lg\" href=\"https:\/\/amis-letanglaville.org\/?page_id=1892\">\n\t\t\t\t\t\t<span class=\"elementor-button-content-wrapper\">\n\t\t\t\t\t\t\t\t\t<span class=\"elementor-button-text\">LES  PRODUITS<\/span>\n\t\t\t\t\t<\/span>\n\t\t\t\t\t<\/a>\n\t\t\t\t<\/div>\n\t\t\t\t\t\t\t\t<\/div>\n\t\t\t\t<\/div>\n\t\t\t\t\t<\/div>\n\t\t<\/div>\n\t\t\t\t\t<\/div>\n\t\t<\/section>\n\t\t\t\t<section class=\"elementor-section elementor-top-section elementor-element elementor-element-3b52209 elementor-section-stretched elementor-section-boxed elementor-section-height-default elementor-section-height-default\" data-id=\"3b52209\" data-element_type=\"section\" data-e-type=\"section\" data-settings=\"{&quot;stretch_section&quot;:&quot;section-stretched&quot;}\">\n\t\t\t\t\t\t<div class=\"elementor-container elementor-column-gap-default\">\n\t\t\t\t\t<div class=\"elementor-column elementor-col-100 elementor-top-column elementor-element elementor-element-a76c7c1\" data-id=\"a76c7c1\" data-element_type=\"column\" data-e-type=\"column\">\n\t\t\t<div class=\"elementor-widget-wrap elementor-element-populated\">\n\t\t\t\t\t\t<div class=\"elementor-element elementor-element-24938bd elementor-widget elementor-widget-text-editor\" data-id=\"24938bd\" data-element_type=\"widget\" data-e-type=\"widget\" data-widget_type=\"text-editor.default\">\n\t\t\t\t<div class=\"elementor-widget-container\">\n\t\t\t\t\t\t\t\t\t<p><strong>LIENS EXTERNES<\/strong><\/p>\t\t\t\t\t\t\t\t<\/div>\n\t\t\t\t<\/div>\n\t\t\t\t<div class=\"elementor-element elementor-element-576e98e elementor-align-center elementor-widget elementor-widget-button\" data-id=\"576e98e\" data-element_type=\"widget\" data-e-type=\"widget\" data-widget_type=\"button.default\">\n\t\t\t\t<div class=\"elementor-widget-container\">\n\t\t\t\t\t\t\t\t\t<div class=\"elementor-button-wrapper\">\n\t\t\t\t\t<a class=\"elementor-button elementor-button-link elementor-size-lg\" href=\"http:\/\/www.amisforetsaintgermainmarly.org\/\" target=\"_blank\">\n\t\t\t\t\t\t<span class=\"elementor-button-content-wrapper\">\n\t\t\t\t\t\t\t\t\t<span class=\"elementor-button-text\">LES AMIS DE LA FORET DE ST GERMAIN<\/span>\n\t\t\t\t\t<\/span>\n\t\t\t\t\t<\/a>\n\t\t\t\t<\/div>\n\t\t\t\t\t\t\t\t<\/div>\n\t\t\t\t<\/div>\n\t\t\t\t<div class=\"elementor-element elementor-element-a3b9401 elementor-align-center elementor-widget elementor-widget-button\" data-id=\"a3b9401\" data-element_type=\"widget\" data-e-type=\"widget\" data-widget_type=\"button.default\">\n\t\t\t\t<div class=\"elementor-widget-container\">\n\t\t\t\t\t\t\t\t\t<div class=\"elementor-button-wrapper\">\n\t\t\t\t\t<a class=\"elementor-button elementor-button-link elementor-size-lg\" href=\"http:\/\/www.saintgermainbouclesdeseine.fr\/\" target=\"_blank\">\n\t\t\t\t\t\t<span class=\"elementor-button-content-wrapper\">\n\t\t\t\t\t\t\t\t\t<span class=\"elementor-button-text\">LA COMMUNAUTE D'AGGLOMERATION<\/span>\n\t\t\t\t\t<\/span>\n\t\t\t\t\t<\/a>\n\t\t\t\t<\/div>\n\t\t\t\t\t\t\t\t<\/div>\n\t\t\t\t<\/div>\n\t\t\t\t<div class=\"elementor-element elementor-element-5e4eb73 elementor-align-center elementor-widget elementor-widget-button\" data-id=\"5e4eb73\" data-element_type=\"widget\" data-e-type=\"widget\" data-widget_type=\"button.default\">\n\t\t\t\t<div class=\"elementor-widget-container\">\n\t\t\t\t\t\t\t\t\t<div class=\"elementor-button-wrapper\">\n\t\t\t\t\t<a class=\"elementor-button elementor-button-link elementor-size-lg\" href=\"http:\/\/www.letanglaville.fr\/\" target=\"_blank\">\n\t\t\t\t\t\t<span class=\"elementor-button-content-wrapper\">\n\t\t\t\t\t\t\t\t\t<span class=\"elementor-button-text\">LA MAIRIE DE L'ETANG LA VILLE<\/span>\n\t\t\t\t\t<\/span>\n\t\t\t\t\t<\/a>\n\t\t\t\t<\/div>\n\t\t\t\t\t\t\t\t<\/div>\n\t\t\t\t<\/div>\n\t\t\t\t<div class=\"elementor-element elementor-element-91f9338 elementor-align-center elementor-widget elementor-widget-button\" data-id=\"91f9338\" data-element_type=\"widget\" data-e-type=\"widget\" data-widget_type=\"button.default\">\n\t\t\t\t<div class=\"elementor-widget-container\">\n\t\t\t\t\t\t\t\t\t<div class=\"elementor-button-wrapper\">\n\t\t\t\t\t<a class=\"elementor-button elementor-button-link elementor-size-lg\" href=\"http:\/\/www.lecanarddeletang.fr\/\" target=\"_blank\">\n\t\t\t\t\t\t<span class=\"elementor-button-content-wrapper\">\n\t\t\t\t\t\t\t\t\t<span class=\"elementor-button-text\">LE CANARD DE L'ETANG<\/span>\n\t\t\t\t\t<\/span>\n\t\t\t\t\t<\/a>\n\t\t\t\t<\/div>\n\t\t\t\t\t\t\t\t<\/div>\n\t\t\t\t<\/div>\n\t\t\t\t<div class=\"elementor-element elementor-element-bd130f8 elementor-align-center elementor-widget elementor-widget-button\" data-id=\"bd130f8\" data-element_type=\"widget\" data-e-type=\"widget\" data-widget_type=\"button.default\">\n\t\t\t\t<div class=\"elementor-widget-container\">\n\t\t\t\t\t\t\t\t\t<div class=\"elementor-button-wrapper\">\n\t\t\t\t\t<a class=\"elementor-button elementor-button-link elementor-size-lg\" href=\"https:\/\/www.onf.fr\/onf\/actualites-en-foret-domaniale-de-marly\">\n\t\t\t\t\t\t<span class=\"elementor-button-content-wrapper\">\n\t\t\t\t\t\t\t\t\t<span class=\"elementor-button-text\">ONF FORET DE MARLY<\/span>\n\t\t\t\t\t<\/span>\n\t\t\t\t\t<\/a>\n\t\t\t\t<\/div>\n\t\t\t\t\t\t\t\t<\/div>\n\t\t\t\t<\/div>\n\t\t\t\t<div class=\"elementor-element elementor-element-e27f19a elementor-align-center elementor-widget elementor-widget-button\" data-id=\"e27f19a\" data-element_type=\"widget\" data-e-type=\"widget\" data-widget_type=\"button.default\">\n\t\t\t\t<div class=\"elementor-widget-container\">\n\t\t\t\t\t\t\t\t\t<div class=\"elementor-button-wrapper\">\n\t\t\t\t\t<a class=\"elementor-button elementor-button-link elementor-size-lg\" href=\"https:\/\/www.arbres.org\">\n\t\t\t\t\t\t<span class=\"elementor-button-content-wrapper\">\n\t\t\t\t\t\t\t\t\t<span class=\"elementor-button-text\">WWW.ARBRES.ORG<\/span>\n\t\t\t\t\t<\/span>\n\t\t\t\t\t<\/a>\n\t\t\t\t<\/div>\n\t\t\t\t\t\t\t\t<\/div>\n\t\t\t\t<\/div>\n\t\t\t\t<div class=\"elementor-element elementor-element-05d4f65 elementor-align-center elementor-widget elementor-widget-button\" data-id=\"05d4f65\" data-element_type=\"widget\" data-e-type=\"widget\" data-widget_type=\"button.default\">\n\t\t\t\t<div class=\"elementor-widget-container\">\n\t\t\t\t\t\t\t\t\t<div class=\"elementor-button-wrapper\">\n\t\t\t\t\t<a class=\"elementor-button elementor-button-link elementor-size-lg\" href=\"https:\/\/www.cadeb.org\">\n\t\t\t\t\t\t<span class=\"elementor-button-content-wrapper\">\n\t\t\t\t\t\t\t\t\t<span class=\"elementor-button-text\">CADEB<\/span>\n\t\t\t\t\t<\/span>\n\t\t\t\t\t<\/a>\n\t\t\t\t<\/div>\n\t\t\t\t\t\t\t\t<\/div>\n\t\t\t\t<\/div>\n\t\t\t\t<div class=\"elementor-element elementor-element-c3333de elementor-align-center elementor-widget elementor-widget-button\" data-id=\"c3333de\" data-element_type=\"widget\" data-e-type=\"widget\" data-widget_type=\"button.default\">\n\t\t\t\t<div class=\"elementor-widget-container\">\n\t\t\t\t\t\t\t\t\t<div class=\"elementor-button-wrapper\">\n\t\t\t\t\t<a class=\"elementor-button elementor-button-link elementor-size-lg\" href=\"https:\/\/www.jade-asso.fr\">\n\t\t\t\t\t\t<span class=\"elementor-button-content-wrapper\">\n\t\t\t\t\t\t\t\t\t<span class=\"elementor-button-text\">JADE<\/span>\n\t\t\t\t\t<\/span>\n\t\t\t\t\t<\/a>\n\t\t\t\t<\/div>\n\t\t\t\t\t\t\t\t<\/div>\n\t\t\t\t<\/div>\n\t\t\t\t\t<\/div>\n\t\t<\/div>\n\t\t\t\t\t<\/div>\n\t\t<\/section>\n\t\t\t\t<\/div>\n\t\t","protected":false},"excerpt":{"rendered":"<p>DOCUMENTATION LES BULLETINS CARTES POSTALES HISTORIQUES COLLECTIONS LES PRODUITS LIENS EXTERNES LES AMIS DE LA FORET DE ST GERMAIN LA &hellip; <a href=\"https:\/\/amis-letanglaville.org\/?page_id=260\" class=\"more-link\">Continue reading <span class=\"screen-reader-text\">Documentation<\/span><\/a><\/p>\n","protected":false},"author":1,"featured_media":0,"parent":0,"menu_order":0,"comment_status":"closed","ping_status":"closed","template":"","meta":{"ngg_post_thumbnail":0,"jetpack_post_was_ever_published":false,"footnotes":""},"class_list":["post-260","page","type-page","status-publish","hentry"],"jetpack_sharing_enabled":true,"jetpack_shortlink":"https:\/\/wp.me\/PaCZch-4c","jetpack-related-posts":[{"id":949,"url":"https:\/\/amis-letanglaville.org\/?page_id=949","url_meta":{"origin":260,"position":0},"title":"Les Peintres","author":"admin7235","date":"2 mai 2019","format":false,"excerpt":"Les Peintres Edouard VUILLARD Le peintre K. X. Roussel dans son atelier de la ruelle de la Coulette \u00e0 l\u2019Etang-la-Ville (1934-1937) Mus\u00e9e d\u2019Art Moderne de la Ville de Paris K.X. Roussel lisant le journal (1894 Edouard Vuillard est n\u00e9 le 11 novembre 1868 \u00e0 Cuiseaux (Saone-et-Loire).Au lyc\u00e9e Condorcet, il rencontre\u2026","rel":"","context":"Article similaire","block_context":{"text":"Article similaire","link":""},"img":{"alt_text":"","src":"https:\/\/i0.wp.com\/amis-letanglaville.org\/wp-content\/uploads\/2020\/12\/Maison-mere-Roussel-Bonnard.png?resize=350%2C200&ssl=1","width":350,"height":200,"srcset":"https:\/\/i0.wp.com\/amis-letanglaville.org\/wp-content\/uploads\/2020\/12\/Maison-mere-Roussel-Bonnard.png?resize=350%2C200&ssl=1 1x, https:\/\/i0.wp.com\/amis-letanglaville.org\/wp-content\/uploads\/2020\/12\/Maison-mere-Roussel-Bonnard.png?resize=525%2C300&ssl=1 1.5x"},"classes":[]},{"id":749,"url":"https:\/\/amis-letanglaville.org\/?page_id=749","url_meta":{"origin":260,"position":1},"title":"Edifices Historiques","author":"admin7235","date":"4 avril 2019","format":false,"excerpt":"LE CH\u00c2TEAU Construit au 17\u00e8me si\u00e8cle dans le style de l'\u00e9poque par la famille S\u00e9guier, seigneurs de l'Etang-la-Ville, il a subi peu de modifications jusqu 'au milieu du XX\u00e8me si\u00e8cle:- l'avanc\u00e9e de l'entr\u00e9e principale\u00a0et le fronton la surmontant ont \u00e9t\u00e9 supprim\u00e9s- le porche et la grille d'entr\u00e9e qui portait les\u2026","rel":"","context":"Article similaire","block_context":{"text":"Article similaire","link":""},"img":{"alt_text":"","src":"https:\/\/i0.wp.com\/amis-letanglaville.org\/wp-content\/uploads\/2019\/04\/Eglise-St-Anne.jpg?resize=350%2C200&ssl=1","width":350,"height":200},"classes":[]},{"id":392,"url":"https:\/\/amis-letanglaville.org\/?page_id=392","url_meta":{"origin":260,"position":2},"title":"Un peu d&rsquo;histoire","author":"admin7235","date":"9 d\u00e9cembre 2018","format":false,"excerpt":"Les seigneurs de l'\u00c9tangLes \u00ab\u00a0Montaigu\u00a0\u00bbA la fin du XIV\u00e8me si\u00e8cle, la seigneurie de l\u2019Etang la Ville \u00e9tait dans la maison des Montaigu. De cette \u00e9poque, il nous reste un vestige\u00a0: \u00ab\u00a0la fontaine St-Pierre\u00a0\u00bb.Le dernier descendant, Jean de Montaigu, surintendant des Finances, victime de la querelle des \u00ab\u00a0Bourguignons\u00a0\u00bb et des \u00ab\u00a0Armagnac\u00a0\u00bb,\u2026","rel":"","context":"Article similaire","block_context":{"text":"Article similaire","link":""},"img":{"alt_text":"","src":"https:\/\/i0.wp.com\/amis-letanglaville.org\/wp-content\/uploads\/2019\/01\/S%C3%A9guie-Charles_Le_Brun.jpg?resize=350%2C200&ssl=1","width":350,"height":200,"srcset":"https:\/\/i0.wp.com\/amis-letanglaville.org\/wp-content\/uploads\/2019\/01\/S%C3%A9guie-Charles_Le_Brun.jpg?resize=350%2C200&ssl=1 1x, https:\/\/i0.wp.com\/amis-letanglaville.org\/wp-content\/uploads\/2019\/01\/S%C3%A9guie-Charles_Le_Brun.jpg?resize=525%2C300&ssl=1 1.5x, https:\/\/i0.wp.com\/amis-letanglaville.org\/wp-content\/uploads\/2019\/01\/S%C3%A9guie-Charles_Le_Brun.jpg?resize=700%2C400&ssl=1 2x"},"classes":[]},{"id":161,"url":"https:\/\/amis-letanglaville.org\/?page_id=161","url_meta":{"origin":260,"position":3},"title":"Notre Village","author":"admin7235","date":"28 novembre 2018","format":false,"excerpt":"L'\u00c9tang-la-Ville L'\u00c9tang-la-Ville est une commune d'un peu plus de 5.000 habitants situ\u00e9e dans le d\u00e9partement des Yvelines (Ile de France). Situ\u00e9e au coeur de la for\u00eat domaniale de Marly, \u00e0 cinq kilom\u00e8tres au sud-ouest de Saint Germain en Laye. Versailles est \u00e0 une dizaine de kilom\u00e8tres \u00e0 vol d'oiseau. La\u2026","rel":"","context":"Article similaire","block_context":{"text":"Article similaire","link":""},"img":{"alt_text":"","src":"https:\/\/i0.wp.com\/amis-letanglaville.org\/wp-content\/uploads\/2023\/05\/Ages-ELV.webp?resize=350%2C200&ssl=1","width":350,"height":200,"srcset":"https:\/\/i0.wp.com\/amis-letanglaville.org\/wp-content\/uploads\/2023\/05\/Ages-ELV.webp?resize=350%2C200&ssl=1 1x, https:\/\/i0.wp.com\/amis-letanglaville.org\/wp-content\/uploads\/2023\/05\/Ages-ELV.webp?resize=525%2C300&ssl=1 1.5x, https:\/\/i0.wp.com\/amis-letanglaville.org\/wp-content\/uploads\/2023\/05\/Ages-ELV.webp?resize=700%2C400&ssl=1 2x"},"classes":[]},{"id":2542,"url":"https:\/\/amis-letanglaville.org\/?page_id=2542","url_meta":{"origin":260,"position":4},"title":"Les arbres dans la ville","author":"admin7235","date":"14 d\u00e9cembre 2021","format":false,"excerpt":"DU BON USAGE DES ARBRES L\u2019Etang la Ville est un \u201cvillage-for\u00eat\u201d remarquable par le nombre et l'\u00e2ge de ses nombreux arbres. Les Amis de l\u2019Etang ont d\u00e9sormais un nouveau projet avec pour cible la pr\u00e9servation des grands arbres et des espaces bois\u00e9s sur l'\u00c9tang-La-Ville des \u00e9lagages et abattages sauvages. L'objectif\u2026","rel":"","context":"Article similaire","block_context":{"text":"Article similaire","link":""},"img":{"alt_text":"","src":"https:\/\/i0.wp.com\/amis-letanglaville.org\/wp-content\/uploads\/2021\/12\/Conifere.png?resize=350%2C200&ssl=1","width":350,"height":200,"srcset":"https:\/\/i0.wp.com\/amis-letanglaville.org\/wp-content\/uploads\/2021\/12\/Conifere.png?resize=350%2C200&ssl=1 1x, https:\/\/i0.wp.com\/amis-letanglaville.org\/wp-content\/uploads\/2021\/12\/Conifere.png?resize=525%2C300&ssl=1 1.5x"},"classes":[]},{"id":241,"url":"https:\/\/amis-letanglaville.org\/?page_id=241","url_meta":{"origin":260,"position":5},"title":"L&rsquo;Association","author":"admin7235","date":"6 d\u00e9cembre 2018","format":false,"excerpt":"Qui sommes-nous? ASSOCIATION LOI 1901 \u00e0 but non lucratif et apolitique, cr\u00e9\u00e9e le 29 juillet 1960 sous l'appellation des \"Soci\u00e9t\u00e9 des Amis de L'\u00c9tang la Ville\", transform\u00e9e en COMIT\u00c9 de D\u00c9FENSE et de PROTECTION STAGNOVILLOIS (CDPS) en 1969.Clarification : l'Association est NON PARTISANE.Notre vocation est d\u00e9finie dans statuts r\u00e9vis\u00e9s par\u2026","rel":"","context":"Article similaire","block_context":{"text":"Article similaire","link":""},"img":{"alt_text":"","src":"https:\/\/i0.wp.com\/amis-letanglaville.org\/wp-content\/uploads\/2025\/04\/Dragonfly-s2.webp?resize=350%2C200&ssl=1","width":350,"height":200},"classes":[]}],"_links":{"self":[{"href":"https:\/\/amis-letanglaville.org\/index.php?rest_route=\/wp\/v2\/pages\/260","targetHints":{"allow":["GET"]}}],"collection":[{"href":"https:\/\/amis-letanglaville.org\/index.php?rest_route=\/wp\/v2\/pages"}],"about":[{"href":"https:\/\/amis-letanglaville.org\/index.php?rest_route=\/wp\/v2\/types\/page"}],"author":[{"embeddable":true,"href":"https:\/\/amis-letanglaville.org\/index.php?rest_route=\/wp\/v2\/users\/1"}],"replies":[{"embeddable":true,"href":"https:\/\/amis-letanglaville.org\/index.php?rest_route=%2Fwp%2Fv2%2Fcomments&post=260"}],"version-history":[{"count":4,"href":"https:\/\/amis-letanglaville.org\/index.php?rest_route=\/wp\/v2\/pages\/260\/revisions"}],"predecessor-version":[{"id":4027,"href":"https:\/\/amis-letanglaville.org\/index.php?rest_route=\/wp\/v2\/pages\/260\/revisions\/4027"}],"wp:attachment":[{"href":"https:\/\/amis-letanglaville.org\/index.php?rest_route=%2Fwp%2Fv2%2Fmedia&parent=260"}],"curies":[{"name":"wp","href":"https:\/\/api.w.org\/{rel}","templated":true}]}}